{"id":1724,"date":"2025-10-10T09:42:09","date_gmt":"2025-10-10T09:42:09","guid":{"rendered":"https:\/\/www.rivoyre.com\/team-contacts\/"},"modified":"2025-11-13T16:26:51","modified_gmt":"2025-11-13T16:26:51","slug":"team-contacts","status":"publish","type":"page","link":"https:\/\/www.rivoyre.com\/en\/our-company\/team-contacts\/","title":{"rendered":"Team Contacts"},"content":{"rendered":"\t\t<div data-elementor-type=\"wp-page\" data-elementor-id=\"1724\" class=\"elementor elementor-1724 elementor-1434\" data-elementor-post-type=\"page\">\n\t\t\t\t<div class=\"elementor-element elementor-element-a8da0ef e-flex e-con-boxed e-con e-parent\" data-id=\"a8da0ef\" data-element_type=\"container\" data-settings=\"{&quot;background_background&quot;:&quot;classic&quot;}\">\n\t\t\t\t\t<div class=\"e-con-inner\">\n\t\t\t\t<div class=\"elementor-element elementor-element-f8d686a elementor-widget elementor-widget-heading\" data-id=\"f8d686a\" data-element_type=\"widget\" data-widget_type=\"heading.default\">\n\t\t\t\t\t<h1 class=\"elementor-heading-title elementor-size-default\">Our Contacts<\/h1>\t\t\t\t<\/div>\n\t\t\t\t\t<\/div>\n\t\t\t\t<\/div>\n\t\t<div class=\"elementor-element elementor-element-8855c77 e-flex e-con-boxed e-con e-parent\" data-id=\"8855c77\" data-element_type=\"container\" data-settings=\"{&quot;background_background&quot;:&quot;classic&quot;}\">\n\t\t\t\t\t<div class=\"e-con-inner\">\n\t\t\t\t<div class=\"elementor-element elementor-element-30a7ba2 elementor-widget elementor-widget-heading\" data-id=\"30a7ba2\" data-element_type=\"widget\" data-widget_type=\"heading.default\">\n\t\t\t\t\t<h2 class=\"elementor-heading-title elementor-size-default\">We are at your disposal<\/h2>\t\t\t\t<\/div>\n\t\t<div class=\"elementor-element elementor-element-cdad89d e-grid e-con-full e-con e-child\" data-id=\"cdad89d\" data-element_type=\"container\">\n\t\t<div class=\"elementor-element elementor-element-9b18169 e-con-full e-flex e-con e-child\" data-id=\"9b18169\" data-element_type=\"container\">\n\t\t<div class=\"elementor-element elementor-element-4c9d520 e-con-full e-flex e-con e-child\" data-id=\"4c9d520\" data-element_type=\"container\">\n\t\t\t\t<div class=\"elementor-element elementor-element-8ae25f9 elementor-widget elementor-widget-image\" data-id=\"8ae25f9\" data-element_type=\"widget\" data-widget_type=\"image.default\">\n\t\t\t\t\t\t\t\t\t\t\t\t\t\t\t<img fetchpriority=\"high\" decoding=\"async\" width=\"400\" height=\"480\" src=\"https:\/\/www.rivoyre.com\/wp-content\/uploads\/2025\/10\/cecile.jpg\" class=\"elementor-animation-grow attachment-large size-large wp-image-1726\" alt=\"\" srcset=\"https:\/\/www.rivoyre.com\/wp-content\/uploads\/2025\/10\/cecile.jpg 400w, https:\/\/www.rivoyre.com\/wp-content\/uploads\/2025\/10\/cecile-250x300.jpg 250w\" sizes=\"(max-width: 400px) 100vw, 400px\" \/>\t\t\t\t\t\t\t\t\t\t\t\t\t\t\t<\/div>\n\t\t\t\t<\/div>\n\t\t\t\t<div class=\"elementor-element elementor-element-c9f2c8f elementor-widget elementor-widget-heading\" data-id=\"c9f2c8f\" data-element_type=\"widget\" data-widget_type=\"heading.default\">\n\t\t\t\t\t<h3 class=\"elementor-heading-title elementor-size-default\">C\u00e9cile BOSCAGLI<\/h3>\t\t\t\t<\/div>\n\t\t\t\t<div class=\"elementor-element elementor-element-1048518 elementor-widget elementor-widget-heading\" data-id=\"1048518\" data-element_type=\"widget\" data-widget_type=\"heading.default\">\n\t\t\t\t\t<span class=\"elementor-heading-title elementor-size-default\">Office &amp; Projects Manager<br>+33(0)4 92 96 92 40<br>c.boscagli@rivoyre.com\n<\/span>\t\t\t\t<\/div>\n\t\t\t\t<\/div>\n\t\t<div class=\"elementor-element elementor-element-682e7cf e-con-full e-flex e-con e-child\" data-id=\"682e7cf\" data-element_type=\"container\">\n\t\t<div class=\"elementor-element elementor-element-ee639c2 e-con-full e-flex e-con e-child\" data-id=\"ee639c2\" data-element_type=\"container\">\n\t\t\t\t<div class=\"elementor-element elementor-element-00f0654 elementor-widget elementor-widget-image\" data-id=\"00f0654\" data-element_type=\"widget\" data-widget_type=\"image.default\">\n\t\t\t\t\t\t\t\t\t\t\t\t\t\t\t<img decoding=\"async\" width=\"400\" height=\"480\" src=\"https:\/\/www.rivoyre.com\/wp-content\/uploads\/2025\/09\/Rectangle-20.png\" class=\"elementor-animation-grow attachment-large size-large wp-image-685\" alt=\"\" srcset=\"https:\/\/www.rivoyre.com\/wp-content\/uploads\/2025\/09\/Rectangle-20.png 400w, https:\/\/www.rivoyre.com\/wp-content\/uploads\/2025\/09\/Rectangle-20-250x300.png 250w\" sizes=\"(max-width: 400px) 100vw, 400px\" \/>\t\t\t\t\t\t\t\t\t\t\t\t\t\t\t<\/div>\n\t\t\t\t<\/div>\n\t\t\t\t<div class=\"elementor-element elementor-element-047fa40 elementor-widget elementor-widget-heading\" data-id=\"047fa40\" data-element_type=\"widget\" data-widget_type=\"heading.default\">\n\t\t\t\t\t<h3 class=\"elementor-heading-title elementor-size-default\">Herv\u00e9 TANNEUR<\/h3>\t\t\t\t<\/div>\n\t\t\t\t<div class=\"elementor-element elementor-element-64f2af1 elementor-widget elementor-widget-heading\" data-id=\"64f2af1\" data-element_type=\"widget\" data-widget_type=\"heading.default\">\n\t\t\t\t\t<span class=\"elementor-heading-title elementor-size-default\">Associate Director, <br>Management &amp; Development<br>+33 (0)6 74 03 54 25<br>h.tanneur@rivoyre.com\n<\/span>\t\t\t\t<\/div>\n\t\t\t\t<\/div>\n\t\t<div class=\"elementor-element elementor-element-4404400 e-con-full e-flex e-con e-child\" data-id=\"4404400\" data-element_type=\"container\">\n\t\t<div class=\"elementor-element elementor-element-e186cad e-con-full e-flex e-con e-child\" data-id=\"e186cad\" data-element_type=\"container\">\n\t\t\t\t<div class=\"elementor-element elementor-element-96212fe elementor-widget elementor-widget-image\" data-id=\"96212fe\" data-element_type=\"widget\" data-widget_type=\"image.default\">\n\t\t\t\t\t\t\t\t\t\t\t\t\t\t\t<img decoding=\"async\" width=\"400\" height=\"480\" src=\"https:\/\/www.rivoyre.com\/wp-content\/uploads\/2025\/09\/Rectangle-19.png\" class=\"elementor-animation-grow attachment-large size-large wp-image-684\" alt=\"\" srcset=\"https:\/\/www.rivoyre.com\/wp-content\/uploads\/2025\/09\/Rectangle-19.png 400w, https:\/\/www.rivoyre.com\/wp-content\/uploads\/2025\/09\/Rectangle-19-250x300.png 250w\" sizes=\"(max-width: 400px) 100vw, 400px\" \/>\t\t\t\t\t\t\t\t\t\t\t\t\t\t\t<\/div>\n\t\t\t\t<\/div>\n\t\t\t\t<div class=\"elementor-element elementor-element-1e0b48f elementor-widget elementor-widget-heading\" data-id=\"1e0b48f\" data-element_type=\"widget\" data-widget_type=\"heading.default\">\n\t\t\t\t\t<h3 class=\"elementor-heading-title elementor-size-default\">Christophe LAROSE<\/h3>\t\t\t\t<\/div>\n\t\t\t\t<div class=\"elementor-element elementor-element-51ec57e elementor-widget elementor-widget-heading\" data-id=\"51ec57e\" data-element_type=\"widget\" data-widget_type=\"heading.default\">\n\t\t\t\t\t<span class=\"elementor-heading-title elementor-size-default\">Technical Director &amp; Associate<br>+33 (0)6 28 77 59 64<br>c.larose@rivoyre.com<\/span>\t\t\t\t<\/div>\n\t\t\t\t<\/div>\n\t\t\t\t<\/div>\n\t\t\t\t\t<\/div>\n\t\t\t\t<\/div>\n\t\t\t\t<\/div>\n\t\t","protected":false},"excerpt":{"rendered":"<p>Our Contacts We are at your disposal C\u00e9cile BOSCAGLI Office &amp; Projects Manager+33(0)4 92 96 92 40c.boscagli@rivoyre.com Herv\u00e9 TANNEUR Associate Director, Management &amp; Development+33 (0)6 74 03 54 25h.tanneur@rivoyre.com Christophe LAROSE Technical Director &amp; Associate+33 (0)6 28 77 59 64c.larose@rivoyre.com<\/p>\n","protected":false},"author":2,"featured_media":0,"parent":1778,"menu_order":0,"comment_status":"closed","ping_status":"closed","template":"","meta":{"_acf_changed":false,"inline_featured_image":false,"footnotes":""},"class_list":["post-1724","page","type-page","status-publish","hentry"],"acf":[],"yoast_head":"<!-- This site is optimized with the Yoast SEO plugin v27.3 - https:\/\/yoast.com\/product\/yoast-seo-wordpress\/ -->\n<title>Team Contacts - Rivoyre Ing\u00e9nierie<\/title>\n<meta name=\"robots\" content=\"index, follow, max-snippet:-1, max-image-preview:large, max-video-preview:-1\" \/>\n<link rel=\"canonical\" href=\"https:\/\/www.rivoyre.com\/en\/our-company\/team-contacts\/\" \/>\n<meta property=\"og:locale\" content=\"en_US\" \/>\n<meta property=\"og:type\" content=\"article\" \/>\n<meta property=\"og:title\" content=\"Team Contacts - Rivoyre Ing\u00e9nierie\" \/>\n<meta property=\"og:description\" content=\"Our Contacts We are at your disposal C\u00e9cile BOSCAGLI Office &amp; Projects Manager+33(0)4 92 96 92 40c.boscagli@rivoyre.com Herv\u00e9 TANNEUR Associate Director, Management &amp; Development+33 (0)6 74 03 54 25h.tanneur@rivoyre.com Christophe LAROSE Technical Director &amp; Associate+33 (0)6 28 77 59 64c.larose@rivoyre.com\" \/>\n<meta property=\"og:url\" content=\"https:\/\/www.rivoyre.com\/en\/our-company\/team-contacts\/\" \/>\n<meta property=\"og:site_name\" content=\"Rivoyre Ing\u00e9nierie\" \/>\n<meta property=\"article:modified_time\" content=\"2025-11-13T16:26:51+00:00\" \/>\n<meta property=\"og:image\" content=\"https:\/\/www.rivoyre.com\/wp-content\/uploads\/2025\/10\/cecile.jpg\" \/>\n\t<meta property=\"og:image:width\" content=\"400\" \/>\n\t<meta property=\"og:image:height\" content=\"480\" \/>\n\t<meta property=\"og:image:type\" content=\"image\/jpeg\" \/>\n<meta name=\"twitter:card\" content=\"summary_large_image\" \/>\n<script type=\"application\/ld+json\" class=\"yoast-schema-graph\">{\"@context\":\"https:\\\/\\\/schema.org\",\"@graph\":[{\"@type\":\"WebPage\",\"@id\":\"https:\\\/\\\/www.rivoyre.com\\\/en\\\/our-company\\\/team-contacts\\\/\",\"url\":\"https:\\\/\\\/www.rivoyre.com\\\/en\\\/our-company\\\/team-contacts\\\/\",\"name\":\"Team Contacts - Rivoyre Ing\u00e9nierie\",\"isPartOf\":{\"@id\":\"https:\\\/\\\/www.rivoyre.com\\\/en\\\/#website\"},\"primaryImageOfPage\":{\"@id\":\"https:\\\/\\\/www.rivoyre.com\\\/en\\\/our-company\\\/team-contacts\\\/#primaryimage\"},\"image\":{\"@id\":\"https:\\\/\\\/www.rivoyre.com\\\/en\\\/our-company\\\/team-contacts\\\/#primaryimage\"},\"thumbnailUrl\":\"https:\\\/\\\/www.rivoyre.com\\\/wp-content\\\/uploads\\\/2025\\\/10\\\/cecile.jpg\",\"datePublished\":\"2025-10-10T09:42:09+00:00\",\"dateModified\":\"2025-11-13T16:26:51+00:00\",\"breadcrumb\":{\"@id\":\"https:\\\/\\\/www.rivoyre.com\\\/en\\\/our-company\\\/team-contacts\\\/#breadcrumb\"},\"inLanguage\":\"en-US\",\"potentialAction\":[{\"@type\":\"ReadAction\",\"target\":[\"https:\\\/\\\/www.rivoyre.com\\\/en\\\/our-company\\\/team-contacts\\\/\"]}]},{\"@type\":\"ImageObject\",\"inLanguage\":\"en-US\",\"@id\":\"https:\\\/\\\/www.rivoyre.com\\\/en\\\/our-company\\\/team-contacts\\\/#primaryimage\",\"url\":\"https:\\\/\\\/www.rivoyre.com\\\/wp-content\\\/uploads\\\/2025\\\/10\\\/cecile.jpg\",\"contentUrl\":\"https:\\\/\\\/www.rivoyre.com\\\/wp-content\\\/uploads\\\/2025\\\/10\\\/cecile.jpg\"},{\"@type\":\"BreadcrumbList\",\"@id\":\"https:\\\/\\\/www.rivoyre.com\\\/en\\\/our-company\\\/team-contacts\\\/#breadcrumb\",\"itemListElement\":[{\"@type\":\"ListItem\",\"position\":1,\"name\":\"Accueil\",\"item\":\"https:\\\/\\\/www.rivoyre.com\\\/en\\\/home\\\/\"},{\"@type\":\"ListItem\",\"position\":2,\"name\":\"Our Company\",\"item\":\"https:\\\/\\\/www.rivoyre.com\\\/en\\\/our-company\\\/\"},{\"@type\":\"ListItem\",\"position\":3,\"name\":\"Team Contacts\"}]},{\"@type\":\"WebSite\",\"@id\":\"https:\\\/\\\/www.rivoyre.com\\\/en\\\/#website\",\"url\":\"https:\\\/\\\/www.rivoyre.com\\\/en\\\/\",\"name\":\"Rivoyre Ing\u00e9nierie\",\"description\":\"\",\"potentialAction\":[{\"@type\":\"SearchAction\",\"target\":{\"@type\":\"EntryPoint\",\"urlTemplate\":\"https:\\\/\\\/www.rivoyre.com\\\/en\\\/?s={search_term_string}\"},\"query-input\":{\"@type\":\"PropertyValueSpecification\",\"valueRequired\":true,\"valueName\":\"search_term_string\"}}],\"inLanguage\":\"en-US\"}]}<\/script>\n<!-- \/ Yoast SEO plugin. -->","yoast_head_json":{"title":"Team Contacts - Rivoyre Ing\u00e9nierie","robots":{"index":"index","follow":"follow","max-snippet":"max-snippet:-1","max-image-preview":"max-image-preview:large","max-video-preview":"max-video-preview:-1"},"canonical":"https:\/\/www.rivoyre.com\/en\/our-company\/team-contacts\/","og_locale":"en_US","og_type":"article","og_title":"Team Contacts - Rivoyre Ing\u00e9nierie","og_description":"Our Contacts We are at your disposal C\u00e9cile BOSCAGLI Office &amp; Projects Manager+33(0)4 92 96 92 40c.boscagli@rivoyre.com Herv\u00e9 TANNEUR Associate Director, Management &amp; Development+33 (0)6 74 03 54 25h.tanneur@rivoyre.com Christophe LAROSE Technical Director &amp; Associate+33 (0)6 28 77 59 64c.larose@rivoyre.com","og_url":"https:\/\/www.rivoyre.com\/en\/our-company\/team-contacts\/","og_site_name":"Rivoyre Ing\u00e9nierie","article_modified_time":"2025-11-13T16:26:51+00:00","og_image":[{"width":400,"height":480,"url":"https:\/\/www.rivoyre.com\/wp-content\/uploads\/2025\/10\/cecile.jpg","type":"image\/jpeg"}],"twitter_card":"summary_large_image","schema":{"@context":"https:\/\/schema.org","@graph":[{"@type":"WebPage","@id":"https:\/\/www.rivoyre.com\/en\/our-company\/team-contacts\/","url":"https:\/\/www.rivoyre.com\/en\/our-company\/team-contacts\/","name":"Team Contacts - Rivoyre Ing\u00e9nierie","isPartOf":{"@id":"https:\/\/www.rivoyre.com\/en\/#website"},"primaryImageOfPage":{"@id":"https:\/\/www.rivoyre.com\/en\/our-company\/team-contacts\/#primaryimage"},"image":{"@id":"https:\/\/www.rivoyre.com\/en\/our-company\/team-contacts\/#primaryimage"},"thumbnailUrl":"https:\/\/www.rivoyre.com\/wp-content\/uploads\/2025\/10\/cecile.jpg","datePublished":"2025-10-10T09:42:09+00:00","dateModified":"2025-11-13T16:26:51+00:00","breadcrumb":{"@id":"https:\/\/www.rivoyre.com\/en\/our-company\/team-contacts\/#breadcrumb"},"inLanguage":"en-US","potentialAction":[{"@type":"ReadAction","target":["https:\/\/www.rivoyre.com\/en\/our-company\/team-contacts\/"]}]},{"@type":"ImageObject","inLanguage":"en-US","@id":"https:\/\/www.rivoyre.com\/en\/our-company\/team-contacts\/#primaryimage","url":"https:\/\/www.rivoyre.com\/wp-content\/uploads\/2025\/10\/cecile.jpg","contentUrl":"https:\/\/www.rivoyre.com\/wp-content\/uploads\/2025\/10\/cecile.jpg"},{"@type":"BreadcrumbList","@id":"https:\/\/www.rivoyre.com\/en\/our-company\/team-contacts\/#breadcrumb","itemListElement":[{"@type":"ListItem","position":1,"name":"Accueil","item":"https:\/\/www.rivoyre.com\/en\/home\/"},{"@type":"ListItem","position":2,"name":"Our Company","item":"https:\/\/www.rivoyre.com\/en\/our-company\/"},{"@type":"ListItem","position":3,"name":"Team Contacts"}]},{"@type":"WebSite","@id":"https:\/\/www.rivoyre.com\/en\/#website","url":"https:\/\/www.rivoyre.com\/en\/","name":"Rivoyre Ing\u00e9nierie","description":"","potentialAction":[{"@type":"SearchAction","target":{"@type":"EntryPoint","urlTemplate":"https:\/\/www.rivoyre.com\/en\/?s={search_term_string}"},"query-input":{"@type":"PropertyValueSpecification","valueRequired":true,"valueName":"search_term_string"}}],"inLanguage":"en-US"}]}},"_links":{"self":[{"href":"https:\/\/www.rivoyre.com\/en\/wp-json\/wp\/v2\/pages\/1724","targetHints":{"allow":["GET"]}}],"collection":[{"href":"https:\/\/www.rivoyre.com\/en\/wp-json\/wp\/v2\/pages"}],"about":[{"href":"https:\/\/www.rivoyre.com\/en\/wp-json\/wp\/v2\/types\/page"}],"author":[{"embeddable":true,"href":"https:\/\/www.rivoyre.com\/en\/wp-json\/wp\/v2\/users\/2"}],"replies":[{"embeddable":true,"href":"https:\/\/www.rivoyre.com\/en\/wp-json\/wp\/v2\/comments?post=1724"}],"version-history":[{"count":1,"href":"https:\/\/www.rivoyre.com\/en\/wp-json\/wp\/v2\/pages\/1724\/revisions"}],"predecessor-version":[{"id":1728,"href":"https:\/\/www.rivoyre.com\/en\/wp-json\/wp\/v2\/pages\/1724\/revisions\/1728"}],"up":[{"embeddable":true,"href":"https:\/\/www.rivoyre.com\/en\/wp-json\/wp\/v2\/pages\/1778"}],"wp:attachment":[{"href":"https:\/\/www.rivoyre.com\/en\/wp-json\/wp\/v2\/media?parent=1724"}],"curies":[{"name":"wp","href":"https:\/\/api.w.org\/{rel}","templated":true}]}}