{"id":1722,"date":"2025-09-24T14:07:48","date_gmt":"2025-09-24T14:07:48","guid":{"rendered":"https:\/\/www.rivoyre.com\/photo-gallery\/"},"modified":"2025-11-13T13:58:22","modified_gmt":"2025-11-13T13:58:22","slug":"photo-gallery","status":"publish","type":"page","link":"https:\/\/www.rivoyre.com\/en\/photo-gallery\/","title":{"rendered":"Photo Gallery"},"content":{"rendered":"\t\t<div data-elementor-type=\"wp-page\" data-elementor-id=\"1722\" class=\"elementor elementor-1722 elementor-1371\" data-elementor-post-type=\"page\">\n\t\t\t\t<div class=\"elementor-element elementor-element-2178214 e-flex e-con-boxed e-con e-parent\" data-id=\"2178214\" data-element_type=\"container\" data-e-type=\"container\" data-settings=\"{&quot;background_background&quot;:&quot;classic&quot;}\">\n\t\t\t\t\t<div class=\"e-con-inner\">\n\t\t\t\t<div class=\"elementor-element elementor-element-3b11023 elementor-widget elementor-widget-heading\" data-id=\"3b11023\" data-element_type=\"widget\" data-e-type=\"widget\" data-widget_type=\"heading.default\">\n\t\t\t\t\t<h1 class=\"elementor-heading-title elementor-size-default\">Photo &amp; Video Gallery<\/h1>\t\t\t\t<\/div>\n\t\t\t\t\t<\/div>\n\t\t\t\t<\/div>\n\t\t<div class=\"elementor-element elementor-element-90ca1a3 e-flex e-con-boxed e-con e-parent\" data-id=\"90ca1a3\" data-element_type=\"container\" data-e-type=\"container\" data-settings=\"{&quot;background_background&quot;:&quot;classic&quot;}\">\n\t\t\t\t\t<div class=\"e-con-inner\">\n\t\t<div class=\"elementor-element elementor-element-4e4c2fb e-con-full e-flex e-con e-child\" data-id=\"4e4c2fb\" data-element_type=\"container\" data-e-type=\"container\">\n\t\t\t\t<div class=\"elementor-element elementor-element-2442afd elementor-widget elementor-widget-heading\" data-id=\"2442afd\" data-element_type=\"widget\" data-e-type=\"widget\" data-widget_type=\"heading.default\">\n\t\t\t\t\t<span class=\"elementor-heading-title elementor-size-default\">OUR PHOTOS &amp; VIDEOS<\/span>\t\t\t\t<\/div>\n\t\t\t\t<div class=\"elementor-element elementor-element-b0fc3ba elementor-widget elementor-widget-heading\" data-id=\"b0fc3ba\" data-element_type=\"widget\" data-e-type=\"widget\" data-widget_type=\"heading.default\">\n\t\t\t\t\t<h2 class=\"elementor-heading-title elementor-size-default\">Our gallery<\/h2>\t\t\t\t<\/div>\n\t\t\t\t<\/div>\n\t\t\t\t\t<\/div>\n\t\t\t\t<\/div>\n\t\t<div class=\"elementor-element elementor-element-d02edb6 e-flex e-con-boxed e-con e-parent\" data-id=\"d02edb6\" data-element_type=\"container\" data-e-type=\"container\">\n\t\t\t\t\t<div class=\"e-con-inner\">\n\t\t\t\t<div class=\"elementor-element elementor-element-c77b4b2 elementor-widget elementor-widget-ucaddon_ue_buttons_post_filter\" data-id=\"c77b4b2\" data-element_type=\"widget\" data-e-type=\"widget\" data-widget_type=\"ucaddon_ue_buttons_post_filter.default\">\n\t\t\t\t<div class=\"elementor-widget-container\">\n\t\t\t\t\t\n<!-- start Tabs Filter -->\n\t\t<link id='font-awesome-css' href='https:\/\/www.rivoyre.com\/wp-content\/plugins\/unlimited-elements-for-elementor-premium\/assets_libraries\/font-awesome6\/fontawesome-all.min.css' type='text\/css' rel='stylesheet' >\n\t\t<link id='font-awesome-4-shim-css' href='https:\/\/www.rivoyre.com\/wp-content\/plugins\/unlimited-elements-for-elementor-premium\/assets_libraries\/font-awesome6\/fontawesome-v4-shims.min.css' type='text\/css' rel='stylesheet' >\n\n<style>\/* widget: Tabs Filter *\/\n\n#uc_ue_buttons_post_filter_elementor_c77b4b2{\n  min-height: 1px;\n  position: relative;\n}\n\n\n#uc_ue_buttons_post_filter_elementor_c77b4b2.uc-filter-initing{\n    opacity:0.8;\n    cursor:default;\n}\n\n#uc_ue_buttons_post_filter_elementor_c77b4b2 .ue-debug-meta{\n  font-size:10px;\n  border:1px solid red;\n  padding:10px;\n}\n\n#uc_ue_buttons_post_filter_elementor_c77b4b2 .ue_taxonomy_image img{\n  display:block;\n}\n\n#uc_ue_buttons_post_filter_elementor_c77b4b2.ue_taxonomy{\n  flex-wrap: wrap;\n}\n\n#uc_ue_buttons_post_filter_elementor_c77b4b2 .ue_taxonomy_item{\n  display:block;\n  text-decoration: none;\n}\n\n\n#uc_ue_buttons_post_filter_elementor_c77b4b2 .uc-item-hidden{\n\tdisplay:none !important;\n}\n\n\n#uc_ue_buttons_post_filter_elementor_c77b4b2.uc-filter-initing a{\n   cursor:default;\n   background-color:lightgray !important;\n}\n\n#uc_ue_buttons_post_filter_elementor_c77b4b2.uc-filter-initing .ue_taxonomy_item_content{\n\tvisibility:hidden;\n}\n\n\n#uc_ue_buttons_post_filter_elementor_c77b4b2.uc-filter-hidden,\n#uc_ue_buttons_post_filter_elementor_c77b4b2.uc-filter-initing.uc-initing-filter-hidden{\n  display:none !important;\n}\n\n\n#uc_ue_buttons_post_filter_elementor_c77b4b2 .ue_taxonomy_item_content{\n  display:flex;\n  align-items:center;\n}\n\n#uc_ue_buttons_post_filter_elementor_c77b4b2 .ue_taxonomy_item_icon{\n  flex-grow:0;\n  flex-shrink:0;\n}\n\n#uc_ue_buttons_post_filter_elementor_c77b4b2 .ue_taxonomy_item_icon_spacer{\n  flex-grow:0;\n  flex-shrink:0;\n}\n\n#uc_ue_buttons_post_filter_elementor_c77b4b2 .ue_taxonomy_item_num_posts{\n  flex-grow:0;\n  flex-shrink:0;\n}\n\n#uc_ue_buttons_post_filter_elementor_c77b4b2 .ue_taxonomy_item_title{\n  flex-grow:1;\n}\n\n\n#uc_ue_buttons_post_filter_elementor_c77b4b2 .ue_taxonomy_item_num_posts_spacer{\n  flex-grow:0;\n  flex-shrink:0;\n}\n\n#uc_ue_buttons_post_filter_elementor_c77b4b2 .uc-hide-loading-item{\n\tdisplay:none !important;\n}\n\n#uc_ue_buttons_post_filter_elementor_c77b4b2-toggle{\n  display:none;\n}\n\n#uc_ue_buttons_post_filter_elementor_c77b4b2-toggle .#uc_ue_buttons_post_filter_elementor_c77b4b2-toggle{\n  display:none;\n}\n\n#uc_ue_buttons_post_filter_elementor_c77b4b2-toggle .ue_taxonomy_toggle_icon{\n  display:inline-flex;\n  align-items:center;\n  justify-content:center;\n  line-height:1em;\n  cursor:pointer;\n}\n\n#uc_ue_buttons_post_filter_elementor_c77b4b2-toggle .ue_taxonomy_toggle_icon svg{\n  height:1em;\n  width:1em;\n}\n\n\n#uc_ue_buttons_post_filter_elementor_c77b4b2-toggle .ue_taxonomy_toggle_icon_close{\n  display:none;\n}\n\n  #uc_ue_buttons_post_filter_elementor_c77b4b2 .uc-item-all .ue_taxonomy_item_num_posts_spacer,\n  #uc_ue_buttons_post_filter_elementor_c77b4b2 .uc-item-all .ue_taxonomy_item_num_posts{\n\t \tdisplay:none !important;\n  }\n\n\n\n\n\n<\/style>\n\n\n  <div class=\"ue_taxonomy_toggle\" id=\"uc_ue_buttons_post_filter_elementor_c77b4b2-toggle\">\n    <div class=\"ue_taxonomy_toggle_icon\">\n      <div class=\"ue_taxonomy_toggle_icon_open\"><i class='fas fa-bars'><\/i><\/div>\n      <div class=\"ue_taxonomy_toggle_icon_close\"><i class='fas fa-times'><\/i><\/div>\n    <\/div>\n  <\/div>\n\n  <div id=\"uc_ue_buttons_post_filter_elementor_c77b4b2-container\">\n\n  <div id=\"uc_ue_buttons_post_filter_elementor_c77b4b2\" class=\"ue_taxonomy  uc-grid-filter \"  data-isfilter=\"\" data-filtertype=\"terms_list\"  style=\"\">\n\n    \n    \n          \n\n      <a href=\"javascript:void(0)\" class=\"ue_taxonomy_item  uc-item-all uc-selected  \"     >\n\n        \n        <div class=\"ue_taxonomy_item_content\">\n                    <span  class=\"ue_taxonomy_item_title\">View all<\/span>                  <\/div>\n\n        \n        \n      <\/a>  \n\n    \n          \n\n      <a href=\"javascript:void(0)\" class=\"ue_taxonomy_item   \"  data-id=\"26\" data-type=\"term\" data-slug=\"autres\" data-taxonomy=\"categorie_photo\" data-title=\"Autres\" data-key=\"term|categorie_photo|autres\"     >\n\n        \n        <div class=\"ue_taxonomy_item_content\">\n                    <span  class=\"ue_taxonomy_item_title\">Autres<\/span>                  <\/div>\n\n        \n        \n      <\/a>  \n\n    \n          \n\n      <a href=\"javascript:void(0)\" class=\"ue_taxonomy_item   \"  data-id=\"21\" data-type=\"term\" data-slug=\"bureau\" data-taxonomy=\"categorie_photo\" data-title=\"Bureau\" data-key=\"term|categorie_photo|bureau\"     >\n\n        \n        <div class=\"ue_taxonomy_item_content\">\n                    <span  class=\"ue_taxonomy_item_title\">Bureau<\/span>                  <\/div>\n\n        \n        \n      <\/a>  \n\n    \n          \n\n      <a href=\"javascript:void(0)\" class=\"ue_taxonomy_item   \"  data-id=\"27\" data-type=\"term\" data-slug=\"event\" data-taxonomy=\"categorie_photo\" data-title=\"Event\" data-key=\"term|categorie_photo|event\"     >\n\n        \n        <div class=\"ue_taxonomy_item_content\">\n                    <span  class=\"ue_taxonomy_item_title\">Event<\/span>                  <\/div>\n\n        \n        \n      <\/a>  \n\n    \n          \n\n      <a href=\"javascript:void(0)\" class=\"ue_taxonomy_item   \"  data-id=\"25\" data-type=\"term\" data-slug=\"mats-bome-greement\" data-taxonomy=\"categorie_photo\" data-title=\"M\u00e2ts, B\u00f4me &amp; Greement\" data-key=\"term|categorie_photo|mats-bome-greement\"     >\n\n        \n        <div class=\"ue_taxonomy_item_content\">\n                    <span  class=\"ue_taxonomy_item_title\">M\u00e2ts, B\u00f4me &amp; Greement<\/span>                  <\/div>\n\n        \n        \n      <\/a>  \n\n    \n          \n\n      <a href=\"javascript:void(0)\" class=\"ue_taxonomy_item   \"  data-id=\"24\" data-type=\"term\" data-slug=\"moteur\" data-taxonomy=\"categorie_photo\" data-title=\"Moteur\" data-key=\"term|categorie_photo|moteur\"     >\n\n        \n        <div class=\"ue_taxonomy_item_content\">\n                    <span  class=\"ue_taxonomy_item_title\">Moteur<\/span>                  <\/div>\n\n        \n        \n      <\/a>  \n\n    \n          \n\n      <a href=\"javascript:void(0)\" class=\"ue_taxonomy_item   \"  data-id=\"19\" data-type=\"term\" data-slug=\"photos\" data-taxonomy=\"categorie_photo\" data-title=\"Photos\" data-key=\"term|categorie_photo|photos\"     >\n\n        \n        <div class=\"ue_taxonomy_item_content\">\n                    <span  class=\"ue_taxonomy_item_title\">Photos<\/span>                  <\/div>\n\n        \n        \n      <\/a>  \n\n    \n          \n\n      <a href=\"javascript:void(0)\" class=\"ue_taxonomy_item   \"  data-id=\"22\" data-type=\"term\" data-slug=\"realisations\" data-taxonomy=\"categorie_photo\" data-title=\"R\u00e9alisations\" data-key=\"term|categorie_photo|realisations\"     >\n\n        \n        <div class=\"ue_taxonomy_item_content\">\n                    <span  class=\"ue_taxonomy_item_title\">R\u00e9alisations<\/span>                  <\/div>\n\n        \n        \n      <\/a>  \n\n    \n          \n\n      <a href=\"javascript:void(0)\" class=\"ue_taxonomy_item   \"  data-id=\"20\" data-type=\"term\" data-slug=\"videos\" data-taxonomy=\"categorie_photo\" data-title=\"Vid\u00e9os\" data-key=\"term|categorie_photo|videos\"     >\n\n        \n        <div class=\"ue_taxonomy_item_content\">\n                    <span  class=\"ue_taxonomy_item_title\">Vid\u00e9os<\/span>                  <\/div>\n\n        \n        \n      <\/a>  \n\n    \n          \n\n      <a href=\"javascript:void(0)\" class=\"ue_taxonomy_item   \"  data-id=\"23\" data-type=\"term\" data-slug=\"voile\" data-taxonomy=\"categorie_photo\" data-title=\"Voile\" data-key=\"term|categorie_photo|voile\"     >\n\n        \n        <div class=\"ue_taxonomy_item_content\">\n                    <span  class=\"ue_taxonomy_item_title\">Voile<\/span>                  <\/div>\n\n        \n        \n      <\/a>  \n\n      \n  <\/div>\n\n  \n  <\/div>\n\n<!-- end Tabs Filter -->\t\t\t\t<\/div>\n\t\t\t\t<\/div>\n\t\t\t\t\t<\/div>\n\t\t\t\t<\/div>\n\t\t<div class=\"elementor-element elementor-element-521fc65 e-flex e-con-boxed e-con e-parent\" data-id=\"521fc65\" data-element_type=\"container\" data-e-type=\"container\">\n\t\t\t\t\t<div class=\"e-con-inner\">\n\t\t\t\t<div class=\"elementor-element elementor-element-942a1b9 elementor-widget elementor-widget-ucaddon_uc_tiles_columns_image\" data-id=\"942a1b9\" data-element_type=\"widget\" data-e-type=\"widget\" data-widget_type=\"ucaddon_uc_tiles_columns_image.default\">\n\t\t\t\t<div class=\"elementor-widget-container\">\n\t\t\t\t\t\n<!-- start Masonry &amp; Justified Gallery -->\n\t\t<link id='unitegallery-css' href='https:\/\/www.rivoyre.com\/wp-content\/plugins\/unlimited-elements-for-elementor-premium\/assets_libraries\/unitegallery\/css\/unite-gallery.css' type='text\/css' rel='stylesheet' >\n\t\t<link id='uc_ac_assets_file_uc_columns_unite_gallery_css_37416-css' href='https:\/\/www.rivoyre.com\/wp-content\/uploads\/ac_assets\/uc_tiles_columns_image\/uc-columns-unite-gallery.css' type='text\/css' rel='stylesheet' >\n\n<style>\/* widget: Masonry &amp; Justified Gallery *\/\n\n#uc_uc_tiles_columns_image_elementor_942a1b9{\n  margin:0 auto;\n      display: none;\n  }\n\n#wrapperuc_uc_tiles_columns_image_elementor_942a1b9{\n  min-height:1px;  \n}\n\n\n\/* pagination *\/\n#wrapperuc_uc_tiles_columns_image_elementor_942a1b9 .uc_post_grid_style_one_prev_button_pagination{\n  display: flex;\n  align-items: center;\n}\n\n#wrapperuc_uc_tiles_columns_image_elementor_942a1b9 .uc_post_grid_style_one_pagination_button,\n#wrapperuc_uc_tiles_columns_image_elementor_942a1b9 .uc_post_grid_style_one_pagination_number{\n  padding: 0;\n  justify-content: center;\n  align-items: center;\n  transition: all .3s ease;\n  margin: 0;\n}\n\n#wrapperuc_uc_tiles_columns_image_elementor_942a1b9 .uc_post_grid_style_one_pagination_number:last-child,\n#wrapperuc_uc_tiles_columns_image_elementor_942a1b9 .uc_post_grid_style_one_pagination_number:first-child{\n  display: inline-flex;\n  position: relative;\n}\n\n#wrapperuc_uc_tiles_columns_image_elementor_942a1b9 .ue-hidden{\n  display: none;\n}\n\n#wrapperuc_uc_tiles_columns_image_elementor_942a1b9 .ue-disabled{\n  opacity: .5;\n  pointer-events: none;\n}\n\n#wrapperuc_uc_tiles_columns_image_elementor_942a1b9 .uc_post_grid_style_one_pagination_number.ue-visible{\n  display: inline-flex;\n}\n\n#wrapperuc_uc_tiles_columns_image_elementor_942a1b9 .uc_post_grid_style_one_pagination_numbers{\n  display: flex;\n  flex-wrap: wrap;\n}\n\n#wrapperuc_uc_tiles_columns_image_elementor_942a1b9 .uc_post_grid_style_one_prev_button_pagination_wrap{\n  display: flex;\n}\n\/* end pagination *\/\n\n<\/style>\n\n<div id=\"wrapperuc_uc_tiles_columns_image_elementor_942a1b9\">\n  \n  <div id=\"uc_uc_tiles_columns_image_elementor_942a1b9\" style=\"display:none;\" class=\"uc-items-wrapper uc-filterable-grid\" data-custom-sethtml=\"true\"  data-ajax='true'  data-filterbehave='ajax'  querydata='{&quot;count_posts&quot;:3,&quot;total_posts&quot;:3,&quot;page&quot;:1,&quot;num_pages&quot;:1}'>\n    \n<a href=\"https:\/\/www.rivoyre.com\/en\/photo\/photo-3\/\">\n<img decoding=\"async\" alt=\"Photo 3\"\n   src=\"https:\/\/www.rivoyre.com\/wp-content\/uploads\/2025\/09\/Rectangle-17-768x648.jpg\"\n    data-image=\"https:\/\/www.rivoyre.com\/wp-content\/uploads\/2025\/09\/Rectangle-17-1024x864.jpg\"\n    data-title=\"Photo 3\"><\/a>\n\n<a href=\"https:\/\/www.rivoyre.com\/en\/photo\/photo-2\/\">\n<img decoding=\"async\" alt=\"Photo 2\"\n   src=\"https:\/\/www.rivoyre.com\/wp-content\/uploads\/2025\/09\/visuel_autre2-1.jpg\"\n    data-image=\"https:\/\/www.rivoyre.com\/wp-content\/uploads\/2025\/09\/visuel_autre2-1.jpg\"\n    data-title=\"Photo 2\"><\/a>\n\n<a href=\"https:\/\/www.rivoyre.com\/en\/photo\/equipe\/\">\n<img decoding=\"async\" alt=\"Equipe\"\n   src=\"https:\/\/www.rivoyre.com\/wp-content\/uploads\/2025\/09\/burger_equipe-768x648.jpg\"\n    data-image=\"https:\/\/www.rivoyre.com\/wp-content\/uploads\/2025\/09\/burger_equipe-1024x864.jpg\"\n    data-title=\"Equipe\"><\/a>\n\n  <\/div>\n  \n    \n<\/div>\n<!-- end Masonry & Justified Gallery -->\t\t\t\t<\/div>\n\t\t\t\t<\/div>\n\t\t\t\t\t<\/div>\n\t\t\t\t<\/div>\n\t\t\t\t<\/div>\n\t\t","protected":false},"excerpt":{"rendered":"<p>Photo &amp; Video Gallery OUR PHOTOS &amp; VIDEOS Our gallery View all Autres Bureau Event M\u00e2ts, B\u00f4me &amp; Greement Moteur Photos R\u00e9alisations Vid\u00e9os Voile<\/p>\n","protected":false},"author":1,"featured_media":0,"parent":0,"menu_order":0,"comment_status":"closed","ping_status":"closed","template":"","meta":{"_acf_changed":false,"inline_featured_image":false,"footnotes":""},"class_list":["post-1722","page","type-page","status-publish","hentry"],"acf":[],"yoast_head":"<!-- This site is optimized with the Yoast SEO plugin v27.4 - https:\/\/yoast.com\/product\/yoast-seo-wordpress\/ -->\n<title>Photo Gallery - Rivoyre Ing\u00e9nierie<\/title>\n<meta name=\"robots\" content=\"index, follow, max-snippet:-1, max-image-preview:large, max-video-preview:-1\" \/>\n<link rel=\"canonical\" href=\"https:\/\/www.rivoyre.com\/en\/photo-gallery\/\" \/>\n<meta property=\"og:locale\" content=\"en_US\" \/>\n<meta property=\"og:type\" content=\"article\" \/>\n<meta property=\"og:title\" content=\"Photo Gallery - Rivoyre Ing\u00e9nierie\" \/>\n<meta property=\"og:description\" content=\"Photo &amp; Video Gallery OUR PHOTOS &amp; VIDEOS Our gallery View all Autres Bureau Event M\u00e2ts, B\u00f4me &amp; Greement Moteur Photos R\u00e9alisations Vid\u00e9os Voile\" \/>\n<meta property=\"og:url\" content=\"https:\/\/www.rivoyre.com\/en\/photo-gallery\/\" \/>\n<meta property=\"og:site_name\" content=\"Rivoyre Ing\u00e9nierie\" \/>\n<meta property=\"article:modified_time\" content=\"2025-11-13T13:58:22+00:00\" \/>\n<meta property=\"og:image\" content=\"https:\/\/www.rivoyre.com\/wp-content\/uploads\/2025\/09\/Rectangle-17-768x648.jpg\" \/>\n<meta name=\"twitter:card\" content=\"summary_large_image\" \/>\n<script type=\"application\/ld+json\" class=\"yoast-schema-graph\">{\"@context\":\"https:\\\/\\\/schema.org\",\"@graph\":[{\"@type\":\"WebPage\",\"@id\":\"https:\\\/\\\/www.rivoyre.com\\\/en\\\/photo-gallery\\\/\",\"url\":\"https:\\\/\\\/www.rivoyre.com\\\/en\\\/photo-gallery\\\/\",\"name\":\"Photo Gallery - Rivoyre Ing\u00e9nierie\",\"isPartOf\":{\"@id\":\"https:\\\/\\\/www.rivoyre.com\\\/en\\\/#website\"},\"primaryImageOfPage\":{\"@id\":\"https:\\\/\\\/www.rivoyre.com\\\/en\\\/photo-gallery\\\/#primaryimage\"},\"image\":{\"@id\":\"https:\\\/\\\/www.rivoyre.com\\\/en\\\/photo-gallery\\\/#primaryimage\"},\"thumbnailUrl\":\"https:\\\/\\\/www.rivoyre.com\\\/wp-content\\\/uploads\\\/2025\\\/09\\\/Rectangle-17-768x648.jpg\",\"datePublished\":\"2025-09-24T14:07:48+00:00\",\"dateModified\":\"2025-11-13T13:58:22+00:00\",\"breadcrumb\":{\"@id\":\"https:\\\/\\\/www.rivoyre.com\\\/en\\\/photo-gallery\\\/#breadcrumb\"},\"inLanguage\":\"en-US\",\"potentialAction\":[{\"@type\":\"ReadAction\",\"target\":[\"https:\\\/\\\/www.rivoyre.com\\\/en\\\/photo-gallery\\\/\"]}]},{\"@type\":\"ImageObject\",\"inLanguage\":\"en-US\",\"@id\":\"https:\\\/\\\/www.rivoyre.com\\\/en\\\/photo-gallery\\\/#primaryimage\",\"url\":\"https:\\\/\\\/www.rivoyre.com\\\/wp-content\\\/uploads\\\/2025\\\/09\\\/Rectangle-17-768x648.jpg\",\"contentUrl\":\"https:\\\/\\\/www.rivoyre.com\\\/wp-content\\\/uploads\\\/2025\\\/09\\\/Rectangle-17-768x648.jpg\"},{\"@type\":\"BreadcrumbList\",\"@id\":\"https:\\\/\\\/www.rivoyre.com\\\/en\\\/photo-gallery\\\/#breadcrumb\",\"itemListElement\":[{\"@type\":\"ListItem\",\"position\":1,\"name\":\"Accueil\",\"item\":\"https:\\\/\\\/www.rivoyre.com\\\/en\\\/home\\\/\"},{\"@type\":\"ListItem\",\"position\":2,\"name\":\"Photo Gallery\"}]},{\"@type\":\"WebSite\",\"@id\":\"https:\\\/\\\/www.rivoyre.com\\\/en\\\/#website\",\"url\":\"https:\\\/\\\/www.rivoyre.com\\\/en\\\/\",\"name\":\"Rivoyre Ing\u00e9nierie\",\"description\":\"\",\"potentialAction\":[{\"@type\":\"SearchAction\",\"target\":{\"@type\":\"EntryPoint\",\"urlTemplate\":\"https:\\\/\\\/www.rivoyre.com\\\/en\\\/?s={search_term_string}\"},\"query-input\":{\"@type\":\"PropertyValueSpecification\",\"valueRequired\":true,\"valueName\":\"search_term_string\"}}],\"inLanguage\":\"en-US\"}]}<\/script>\n<!-- \/ Yoast SEO plugin. -->","yoast_head_json":{"title":"Photo Gallery - Rivoyre Ing\u00e9nierie","robots":{"index":"index","follow":"follow","max-snippet":"max-snippet:-1","max-image-preview":"max-image-preview:large","max-video-preview":"max-video-preview:-1"},"canonical":"https:\/\/www.rivoyre.com\/en\/photo-gallery\/","og_locale":"en_US","og_type":"article","og_title":"Photo Gallery - Rivoyre Ing\u00e9nierie","og_description":"Photo &amp; Video Gallery OUR PHOTOS &amp; VIDEOS Our gallery View all Autres Bureau Event M\u00e2ts, B\u00f4me &amp; Greement Moteur Photos R\u00e9alisations Vid\u00e9os Voile","og_url":"https:\/\/www.rivoyre.com\/en\/photo-gallery\/","og_site_name":"Rivoyre Ing\u00e9nierie","article_modified_time":"2025-11-13T13:58:22+00:00","og_image":[{"url":"https:\/\/www.rivoyre.com\/wp-content\/uploads\/2025\/09\/Rectangle-17-768x648.jpg","type":"","width":"","height":""}],"twitter_card":"summary_large_image","schema":{"@context":"https:\/\/schema.org","@graph":[{"@type":"WebPage","@id":"https:\/\/www.rivoyre.com\/en\/photo-gallery\/","url":"https:\/\/www.rivoyre.com\/en\/photo-gallery\/","name":"Photo Gallery - Rivoyre Ing\u00e9nierie","isPartOf":{"@id":"https:\/\/www.rivoyre.com\/en\/#website"},"primaryImageOfPage":{"@id":"https:\/\/www.rivoyre.com\/en\/photo-gallery\/#primaryimage"},"image":{"@id":"https:\/\/www.rivoyre.com\/en\/photo-gallery\/#primaryimage"},"thumbnailUrl":"https:\/\/www.rivoyre.com\/wp-content\/uploads\/2025\/09\/Rectangle-17-768x648.jpg","datePublished":"2025-09-24T14:07:48+00:00","dateModified":"2025-11-13T13:58:22+00:00","breadcrumb":{"@id":"https:\/\/www.rivoyre.com\/en\/photo-gallery\/#breadcrumb"},"inLanguage":"en-US","potentialAction":[{"@type":"ReadAction","target":["https:\/\/www.rivoyre.com\/en\/photo-gallery\/"]}]},{"@type":"ImageObject","inLanguage":"en-US","@id":"https:\/\/www.rivoyre.com\/en\/photo-gallery\/#primaryimage","url":"https:\/\/www.rivoyre.com\/wp-content\/uploads\/2025\/09\/Rectangle-17-768x648.jpg","contentUrl":"https:\/\/www.rivoyre.com\/wp-content\/uploads\/2025\/09\/Rectangle-17-768x648.jpg"},{"@type":"BreadcrumbList","@id":"https:\/\/www.rivoyre.com\/en\/photo-gallery\/#breadcrumb","itemListElement":[{"@type":"ListItem","position":1,"name":"Accueil","item":"https:\/\/www.rivoyre.com\/en\/home\/"},{"@type":"ListItem","position":2,"name":"Photo Gallery"}]},{"@type":"WebSite","@id":"https:\/\/www.rivoyre.com\/en\/#website","url":"https:\/\/www.rivoyre.com\/en\/","name":"Rivoyre Ing\u00e9nierie","description":"","potentialAction":[{"@type":"SearchAction","target":{"@type":"EntryPoint","urlTemplate":"https:\/\/www.rivoyre.com\/en\/?s={search_term_string}"},"query-input":{"@type":"PropertyValueSpecification","valueRequired":true,"valueName":"search_term_string"}}],"inLanguage":"en-US"}]}},"_links":{"self":[{"href":"https:\/\/www.rivoyre.com\/en\/wp-json\/wp\/v2\/pages\/1722","targetHints":{"allow":["GET"]}}],"collection":[{"href":"https:\/\/www.rivoyre.com\/en\/wp-json\/wp\/v2\/pages"}],"about":[{"href":"https:\/\/www.rivoyre.com\/en\/wp-json\/wp\/v2\/types\/page"}],"author":[{"embeddable":true,"href":"https:\/\/www.rivoyre.com\/en\/wp-json\/wp\/v2\/users\/1"}],"replies":[{"embeddable":true,"href":"https:\/\/www.rivoyre.com\/en\/wp-json\/wp\/v2\/comments?post=1722"}],"version-history":[{"count":2,"href":"https:\/\/www.rivoyre.com\/en\/wp-json\/wp\/v2\/pages\/1722\/revisions"}],"predecessor-version":[{"id":1727,"href":"https:\/\/www.rivoyre.com\/en\/wp-json\/wp\/v2\/pages\/1722\/revisions\/1727"}],"wp:attachment":[{"href":"https:\/\/www.rivoyre.com\/en\/wp-json\/wp\/v2\/media?parent=1722"}],"curies":[{"name":"wp","href":"https:\/\/api.w.org\/{rel}","templated":true}]}}